  
{"id":1417,"date":"2025-11-11T09:53:06","date_gmt":"2025-11-11T09:53:06","guid":{"rendered":"https:\/\/reposeradi.com\/?page_id=1417"},"modified":"2025-11-11T10:09:26","modified_gmt":"2025-11-11T10:09:26","slug":"kontakt","status":"publish","type":"page","link":"https:\/\/reposeradi.com\/?page_id=1417","title":{"rendered":"Kontakt"},"content":{"rendered":"\t\t<div data-elementor-type=\"wp-page\" data-elementor-id=\"1417\" class=\"elementor elementor-1417\">\n\t\t\t\t<div class=\"elementor-element elementor-element-99885ae e-flex e-con-boxed e-con e-parent\" data-id=\"99885ae\" data-element_type=\"container\">\n\t\t\t\t\t<div class=\"e-con-inner\">\n\t\t\t\t<div class=\"elementor-element elementor-element-0b103b7 elementor-widget__width-initial elementor-widget elementor-widget-html\" data-id=\"0b103b7\" data-element_type=\"widget\" data-widget_type=\"html.default\">\n\t\t\t\t<div class=\"elementor-widget-container\">\n\t\t\t\t\t<style>\r\n  .submitBnt {\r\n    font-family: inherit;\r\n    color: #ffffff !important;\r\n    background-color: #0072cb;\r\n    border: none;\r\n    border-radius: 8px !important;\r\n    line-height: normal;\r\n    font-weight: 700;\r\n    cursor: pointer;\r\n    width: 100%;\r\n    height: 45px;\r\n  }\r\n\r\n  .custom-form-group label a {\r\n    color: #007bff;\r\n  }\r\n\r\n  .custom-form-control {\r\n    margin-bottom: 15px;\r\n    padding-left: 16px;\r\n    border: 1px solid #dfe9f1;\r\n    font-size: 14px;\r\n    height: 45px;\r\n    display: block;\r\n    width: 100%;\r\n    box-sizing: border-box;\r\n    color: #9197b5;\r\n    border-radius: 30px !important;\r\n    background-color: #fff;\r\n  }\r\n\r\n  .custom-form-group label {\r\n    color: #000;\r\n    margin-left: 8px;\r\n    text-align: left;\r\n    font-weight: 300;\r\n    font-family: inherit;\r\n    font-size: 14px;\r\n    cursor: pointer;\r\n    font-style: italic;\r\n    display: inline-block;\r\n  }\r\n\r\n  .form-text {\r\n   color: #000;\r\n   text-align: center;\r\n}\r\n  .mandatory {\r\n    color: #ec3324;\r\n    font-size: 16px;\r\n    font-weight: 400;\r\n    margin-left: 8px;\r\n  }\r\n\r\n  .custom-form-group {\r\n    display: flex;\r\n    margin-top: 16px;\r\n  }\r\n\r\n  .custom-form-group input {\r\n    border: 1px solid #ccc;\r\n    background: #fff;\r\n    padding: 0 12px;\r\n    line-height: 38px;\r\n    margin: 0 0 10px 0;\r\n    box-shadow: inset 0 3px 2px #eee;\r\n    border-radius: 2px;\r\n    width: 13px !important;\r\n    height: 13px !important;\r\n    \r\n      .form-thanks {\r\n      max-width: 800px !important;\r\n      margin: 15px auto !important;\r\n      padding: 15px !important;\r\n      max-width: 700px !important;\r\n  }\r\n  }\r\n<\/style>\r\n<script>\r\n  function saveData() {\r\n    const name = document.getElementById(\"name\").value;\r\n    const email = document.getElementById(\"email\").value;\r\n    const checkbox1 = document.getElementById(\"terms\").checked;\r\n\r\n    if (name !== \"\" && email !== \"\" && checkbox1) {\r\n      event.preventDefault();\r\n      window.location.href = \"https:\/\/reposeradi.com\/?page_id=1423\";\r\n    } else {\r\n        console.log(\"error\")\r\n    }\r\n  }\r\n<\/script>\r\n\r\n<form class=\"form-thanks\" id=\"formThanks\">\r\n  <p class=\"form-text\" style=\"font-size: 20px;\"><b>Kontakt <\/b><\/p>\r\n  <input\r\n    required\r\n    name=\"name\"\r\n    type=\"text\"\r\n    id=\"name\"\r\n    class=\"custom-form-control\"\r\n    placeholder=\"Name\"\r\n  \/>\r\n  <input\r\n    required\r\n    name=\"email\"\r\n    type=\"email\"\r\n    id=\"email\"\r\n    class=\"custom-form-control\"\r\n    placeholder=\"Email\"\r\n  \/>\r\n  \r\n\r\n  <div class=\"custom-form-group\">\r\n    <input type=\"checkbox\" name=\"terms\" id=\"terms\" required \/>\r\n    <span class=\"mandatory\">*<\/span>\r\n    <label class=\"confirm-small\" for=\"terms\"\r\n      >Ich habe die <a href=\"https:\/\/reposeradi.com\/?page_id=1395\">Allgemeinen Vertragsbedingungen<\/a> gelesen und akzeptiere sie.<\/label\r\n    >\r\n  <\/div>\r\n\r\n  <div class=\"custom-form-group\">\r\n    <input type=\"checkbox\" name=\"send_newsletter\" id=\"send_newsletter\" \/>\r\n    <label class=\"confirm-small\" for=\"send_newsletter\"\r\n      >Ich m\u00f6chte weiterhin n\u00fctzliche Nachrichten und wertvolle Tipps erhalten und stimme der Verarbeitung meiner pers\u00f6nlichen Daten bez\u00fcglich meiner E-Mail-Adresse zu.<\/label>\r\n  <\/div>\r\n  <input\r\n    type=\"submit\"\r\n    class=\"submitBnt\"\r\n    value=\"Senden\"\r\n    onclick=\"saveData()\"\r\n  \/>\r\n<\/form>\t\t\t\t<\/div>\n\t\t\t\t<\/div>\n\t\t\t\t\t<\/div>\n\t\t\t\t<\/div>\n\t\t\t\t<\/div>\n\t\t","protected":false},"excerpt":{"rendered":"<p>Kontakt * Ich habe die Allgemeinen Vertragsbedingungen gelesen und akzeptiere sie. Ich m\u00f6chte weiterhin n\u00fctzliche Nachrichten und wertvolle Tipps erhalten und stimme der Verarbeitung meiner pers\u00f6nlichen Daten bez\u00fcglich meiner E-Mail-Adresse&hellip;<\/p>\n","protected":false},"author":1,"featured_media":0,"parent":0,"menu_order":0,"comment_status":"closed","ping_status":"closed","template":"","meta":{"footnotes":""},"class_list":["post-1417","page","type-page","status-publish","hentry"],"_links":{"self":[{"href":"https:\/\/reposeradi.com\/index.php?rest_route=\/wp\/v2\/pages\/1417","targetHints":{"allow":["GET"]}}],"collection":[{"href":"https:\/\/reposeradi.com\/index.php?rest_route=\/wp\/v2\/pages"}],"about":[{"href":"https:\/\/reposeradi.com\/index.php?rest_route=\/wp\/v2\/types\/page"}],"author":[{"embeddable":true,"href":"https:\/\/reposeradi.com\/index.php?rest_route=\/wp\/v2\/users\/1"}],"replies":[{"embeddable":true,"href":"https:\/\/reposeradi.com\/index.php?rest_route=%2Fwp%2Fv2%2Fcomments&post=1417"}],"version-history":[{"count":13,"href":"https:\/\/reposeradi.com\/index.php?rest_route=\/wp\/v2\/pages\/1417\/revisions"}],"predecessor-version":[{"id":1434,"href":"https:\/\/reposeradi.com\/index.php?rest_route=\/wp\/v2\/pages\/1417\/revisions\/1434"}],"wp:attachment":[{"href":"https:\/\/reposeradi.com\/index.php?rest_route=%2Fwp%2Fv2%2Fmedia&parent=1417"}],"curies":[{"name":"wp","href":"https:\/\/api.w.org\/{rel}","templated":true}]}}